{"id":2451,"date":"2024-11-13T22:46:58","date_gmt":"2024-11-13T22:46:58","guid":{"rendered":"https:\/\/tradeandtrail.net\/?page_id=2451"},"modified":"2025-03-19T22:09:00","modified_gmt":"2025-03-19T22:09:00","slug":"autor","status":"publish","type":"page","link":"https:\/\/tradeandtrail.net\/es\/autor\/","title":{"rendered":"Qui\u00e9n soy"},"content":{"rendered":"\t\t<div data-elementor-type=\"wp-page\" data-elementor-id=\"2451\" class=\"elementor elementor-2451\">\n\t\t\t\t<div class=\"elementor-element elementor-element-0019aa5 e-flex e-con-boxed e-con e-parent\" data-id=\"0019aa5\" data-element_type=\"container\" data-e-type=\"container\">\n\t\t\t\t\t<div class=\"e-con-inner\">\n\t\t\t\t<div class=\"elementor-element elementor-element-3d37f97 elementor-widget elementor-widget-heading\" data-id=\"3d37f97\" data-element_type=\"widget\" data-e-type=\"widget\" data-widget_type=\"heading.default\">\n\t\t\t\t<div class=\"elementor-widget-container\">\n\t\t\t\t\t<h2 class=\"elementor-heading-title elementor-size-default\">Autor<\/h2>\t\t\t\t<\/div>\n\t\t\t\t<\/div>\n\t\t\t\t\t<\/div>\n\t\t\t\t<\/div>\n\t\t<div class=\"elementor-element elementor-element-1bf1b47 e-flex e-con-boxed e-con e-parent\" data-id=\"1bf1b47\" data-element_type=\"container\" data-e-type=\"container\">\n\t\t\t\t\t<div class=\"e-con-inner\">\n\t\t\t\t<div class=\"elementor-element elementor-element-29e832c elementor-widget elementor-widget-heading\" data-id=\"29e832c\" data-element_type=\"widget\" data-e-type=\"widget\" data-widget_type=\"heading.default\">\n\t\t\t\t<div class=\"elementor-widget-container\">\n\t\t\t\t\t<h2 class=\"elementor-heading-title elementor-size-default\">Este blog nace de una idea \u00fanica:<br>combinar dos de mis grandes pasiones y \u00e1reas de experiencia, tanto profesional como personal.<br><\/h2>\t\t\t\t<\/div>\n\t\t\t\t<\/div>\n\t\t\t\t\t<\/div>\n\t\t\t\t<\/div>\n\t\t<div class=\"elementor-element elementor-element-e1e3666 e-flex e-con-boxed e-con e-parent\" data-id=\"e1e3666\" data-element_type=\"container\" data-e-type=\"container\">\n\t\t\t\t\t<div class=\"e-con-inner\">\n\t\t<div class=\"elementor-element elementor-element-bf5bf30 e-con-full e-flex e-con e-child\" data-id=\"bf5bf30\" data-element_type=\"container\" data-e-type=\"container\">\n\t\t\t\t<div class=\"elementor-element elementor-element-b88c711 elementor-widget elementor-widget-image\" data-id=\"b88c711\" data-element_type=\"widget\" data-e-type=\"widget\" data-widget_type=\"image.default\">\n\t\t\t\t<div class=\"elementor-widget-container\">\n\t\t\t\t\t\t\t\t\t\t\t\t\t\t\t<img fetchpriority=\"high\" decoding=\"async\" width=\"301\" height=\"402\" src=\"https:\/\/tradeandtrail.net\/wp-content\/uploads\/2024\/11\/SPL-1.jpeg\" class=\"attachment-large size-large wp-image-2698\" alt=\"\" srcset=\"https:\/\/tradeandtrail.net\/wp-content\/uploads\/2024\/11\/SPL-1.jpeg 301w, https:\/\/tradeandtrail.net\/wp-content\/uploads\/2024\/11\/SPL-1-225x300.jpeg 225w\" sizes=\"(max-width: 301px) 100vw, 301px\" \/>\t\t\t\t\t\t\t\t\t\t\t\t\t\t\t<\/div>\n\t\t\t\t<\/div>\n\t\t\t\t<\/div>\n\t\t<div class=\"elementor-element elementor-element-e415f76 e-con-full e-flex e-con e-child\" data-id=\"e415f76\" data-element_type=\"container\" data-e-type=\"container\">\n\t\t\t\t<div class=\"elementor-element elementor-element-33d10f5 elementor-widget elementor-widget-text-editor\" data-id=\"33d10f5\" data-element_type=\"widget\" data-e-type=\"widget\" data-widget_type=\"text-editor.default\">\n\t\t\t\t<div class=\"elementor-widget-container\">\n\t\t\t\t\t\t\t\t\t<p><strong>COMERCIO INTERNACIONAL<\/strong><\/p><p>En el \u00e1mbito profesional, adem\u00e1s de ser\u00a0<strong>farmac\u00e9utico<\/strong>, tambi\u00e9n cuento\u00a0<strong>con cerca de 20 a\u00f1os de experiencia en comercio internacional y procesos de e internacionalizaci\u00f3n<\/strong>, habiendo trabajado tanto a nivel nacional como a nivel internacional. Mi trayectoria abarca desde la la aplicaci\u00f3n, desarrollo y gesti\u00f3n de programas de apoyo a PYMES exportadoras hasta el an\u00e1lisis y estudio a nivel macro y microecon\u00f3mico del comercio exterior tanto a nivel nacional como internacional asi como el estudio de la geopol\u00edtica comercial.\u00a0<\/p><p>Con cerca de 20 a\u00f1os de experiencia profesional he tenido la oportunidad de presenciar los profundos\u00a0 cambios que se han producido en el comercio global. Mi carrera en este campo me ha ense\u00f1ado la importancia de comprender tanto los aspectos operativos del comercio como las complejidades geoestrat\u00e9gicas que afectan a cada pa\u00eds y sector.<\/p><p>He lanzado este blog con el objetivo de compartir mis aprendizajes y ayudar a empresarios y profesionales y a navegar el mundo del comercio internacional de manera informada y estrat\u00e9gica.<\/p><p>Este blog est\u00e1 dedicado a todos aquellos profesionales con los que he tenido el placer de trabajar y aprender durante estos a\u00f1os, y de manera muy especial, a: <b style=\"font-size: 16px; color: var( --e-global-color-text );\">C\u00edrculo de Empresarios de Galicia, Autoridad Portuaria de Ferrol-San Cibrao y ASIME.<\/b>\u00a0<\/p><p><span style=\"color: #ff0000;\"><strong>Y recordar&#8230;&#8230;. <em>HAY VIDA M\u00c1S ALL\u00c1 DE TURQU\u00cdA !!!<\/em><\/strong><\/span><\/p>\t\t\t\t\t\t\t\t<\/div>\n\t\t\t\t<\/div>\n\t\t\t\t<\/div>\n\t\t\t\t\t<\/div>\n\t\t\t\t<\/div>\n\t\t<div class=\"elementor-element elementor-element-b68882a e-flex e-con-boxed e-con e-parent\" data-id=\"b68882a\" data-element_type=\"container\" data-e-type=\"container\">\n\t\t\t\t\t<div class=\"e-con-inner\">\n\t\t<div class=\"elementor-element elementor-element-5b3752c e-con-full e-flex e-con e-child\" data-id=\"5b3752c\" data-element_type=\"container\" data-e-type=\"container\">\n\t\t\t\t<div class=\"elementor-element elementor-element-973efd8 elementor-widget elementor-widget-image\" data-id=\"973efd8\" data-element_type=\"widget\" data-e-type=\"widget\" data-widget_type=\"image.default\">\n\t\t\t\t<div class=\"elementor-widget-container\">\n\t\t\t\t\t\t\t\t\t\t\t\t\t\t\t<img decoding=\"async\" width=\"1024\" height=\"1015\" src=\"https:\/\/tradeandtrail.net\/wp-content\/uploads\/2024\/11\/Screenshot_20241105_012346-1-1024x1015.jpg\" class=\"attachment-large size-large wp-image-2387\" alt=\"\" srcset=\"https:\/\/tradeandtrail.net\/wp-content\/uploads\/2024\/11\/Screenshot_20241105_012346-1-1024x1015.jpg 1024w, https:\/\/tradeandtrail.net\/wp-content\/uploads\/2024\/11\/Screenshot_20241105_012346-1-300x297.jpg 300w, https:\/\/tradeandtrail.net\/wp-content\/uploads\/2024\/11\/Screenshot_20241105_012346-1-150x150.jpg 150w, https:\/\/tradeandtrail.net\/wp-content\/uploads\/2024\/11\/Screenshot_20241105_012346-1-768x761.jpg 768w, https:\/\/tradeandtrail.net\/wp-content\/uploads\/2024\/11\/Screenshot_20241105_012346-1.jpg 1079w\" sizes=\"(max-width: 1024px) 100vw, 1024px\" \/>\t\t\t\t\t\t\t\t\t\t\t\t\t\t\t<\/div>\n\t\t\t\t<\/div>\n\t\t\t\t<\/div>\n\t\t<div class=\"elementor-element elementor-element-dd7c9c6 e-con-full e-flex e-con e-child\" data-id=\"dd7c9c6\" data-element_type=\"container\" data-e-type=\"container\">\n\t\t\t\t<div class=\"elementor-element elementor-element-7c3c97a elementor-widget elementor-widget-text-editor\" data-id=\"7c3c97a\" data-element_type=\"widget\" data-e-type=\"widget\" data-widget_type=\"text-editor.default\">\n\t\t\t\t<div class=\"elementor-widget-container\">\n\t\t\t\t\t\t\t\t\t<p><strong>RUNNING \/ TRAIL RUNNING<\/strong><\/p><p>Como\u00a0<strong>entrenador titulado en Running y Trail Running<\/strong>\u00a0por la Escuela Europea del Deporte, y con\u00a0<strong>m\u00e1s de 15 a\u00f1os como aficionado al running y trail running<\/strong>, quiero compartir contigo mis conocimientos y experiencias sobre este apasionante deporte.\u00a0<\/p><p>Durante estos 15 a\u00f1os,\u00a0 he tenido la oportunidad de participar en m\u00e1s de 20 maratones y m\u00e1s de 15 ultra trails de monta\u00f1a.\u00a0<\/p><p>Cada carrera, cada entrenamiento y cada sendero de ruta o de monta\u00f1a me han ense\u00f1ado lecciones profundas sobre disciplina, resistencia, compa\u00f1erismo y la conexi\u00f3n con la naturaleza.<\/p><p>He dise\u00f1ado este blog como forma ede compartir mi experiencia, desde la preparaci\u00f3n para carreras de asfalto y monta\u00f1a, hasta la mentalidad y las estrategias necesarias para afrontar desaf\u00edos tan exigentes como los maratones y ultra trails.\u00a0<\/p><p>As\u00ed como la posibilidad de ofrecer <strong>entrenamientos personalizados<\/strong> para aquellos que qiueran progresar en el mundo del running y trail running<\/p><p>Este blog est\u00e1 dedicado a mis amigos del <b>Grupo de la <em>\u00abCasa de Campo\u00bb<\/em>,<\/b> y de manera muy especial a los <b>Hermanos Ram\u00edrez (Javi y Mario), Juli\u00e1n, Mariano, Tony y Rom\u00e1n, <\/b>con los que he compartido infinidad de kil\u00f3metros juntos, entrenos, viajes, carreras, hoteles, nervios en las salidas, sufrimiento y dureza y sobre todo mucho compa\u00f1erismo y uni\u00f3n. Todos ellos me han ense\u00f1ado lo que es hacer equipo y ayudarse mutuamente.\u00a0 Y tambi\u00e9n, me gustaria hacer otra menci\u00f3n especial tanto a <b>Alberto <\/b>mi compa\u00f1ero de entrenamiento en tierras suizas, que me ha ense\u00f1ado humildad y respeto por la naturaleza, como a <b>Fernando<\/b>, que me ense\u00f1\u00f3 todos los secretos de Chamonix.\u00a0<\/p><p><strong><span style=\"color: #ff0000;\">Y recordar&#8230;. <em>YOU&#8217;LL NEVER RUN ALONE !!!<\/em><\/span><\/strong><\/p>\t\t\t\t\t\t\t\t<\/div>\n\t\t\t\t<\/div>\n\t\t\t\t<\/div>\n\t\t\t\t\t<\/div>\n\t\t\t\t<\/div>\n\t\t\t\t<\/div>\n\t\t","protected":false},"excerpt":{"rendered":"<p>Autor Este blog nace de una idea \u00fanica:combinar dos de mis grandes pasiones y \u00e1reas de experiencia, tanto profesional como personal. COMERCIO INTERNACIONAL En el \u00e1mbito profesional, adem\u00e1s de ser\u00a0farmac\u00e9utico, tambi\u00e9n cuento\u00a0con cerca de 20 a\u00f1os de experiencia en comercio internacional y procesos de e internacionalizaci\u00f3n, habiendo trabajado tanto a nivel nacional como a nivel&#8230;<\/p>\n","protected":false},"author":1,"featured_media":0,"parent":0,"menu_order":0,"comment_status":"closed","ping_status":"closed","template":"","meta":{"_uag_custom_page_level_css":"","_kad_post_transparent":"","_kad_post_title":"","_kad_post_layout":"","_kad_post_sidebar_id":"","_kad_post_content_style":"","_kad_post_vertical_padding":"","_kad_post_feature":"","_kad_post_feature_position":"","_kad_post_header":false,"_kad_post_footer":false,"_kad_post_classname":"","footnotes":""},"class_list":["post-2451","page","type-page","status-publish","hentry"],"uagb_featured_image_src":{"full":false,"thumbnail":false,"medium":false,"medium_large":false,"large":false,"1536x1536":false,"2048x2048":false,"trp-custom-language-flag":false,"qi_addons_for_elementor_image_size_square":false,"qi_addons_for_elementor_image_size_landscape":false,"qi_addons_for_elementor_image_size_portrait":false,"qi_addons_for_elementor_image_size_huge-square":false},"uagb_author_info":{"display_name":"Trade &amp; Trail","author_link":"https:\/\/tradeandtrail.net\/es\/author\/tradeandtrail74gmail-com\/"},"uagb_comment_info":0,"uagb_excerpt":"Autor Este blog nace de una idea \u00fanica:combinar dos de mis grandes pasiones y \u00e1reas de experiencia, tanto profesional como personal. COMERCIO INTERNACIONAL En el \u00e1mbito profesional, adem\u00e1s de ser\u00a0farmac\u00e9utico, tambi\u00e9n cuento\u00a0con cerca de 20 a\u00f1os de experiencia en comercio internacional y procesos de e internacionalizaci\u00f3n, habiendo trabajado tanto a nivel nacional como a nivel...","rttpg_featured_image_url":null,"rttpg_author":{"display_name":"Trade &amp; Trail","author_link":"https:\/\/tradeandtrail.net\/es\/author\/tradeandtrail74gmail-com\/"},"rttpg_comment":0,"rttpg_category":" <a href=\"https:\/\/tradeandtrail.net\/es\/\" rel=\"tag\">Espa\u00f1ol<\/a>","rttpg_excerpt":"Autor Este blog nace de una idea \u00fanica:combinar dos de mis grandes pasiones y \u00e1reas de experiencia, tanto profesional como personal. COMERCIO INTERNACIONAL En el \u00e1mbito profesional, adem\u00e1s de ser\u00a0farmac\u00e9utico, tambi\u00e9n cuento\u00a0con cerca de 20 a\u00f1os de experiencia en comercio internacional y procesos de e internacionalizaci\u00f3n, habiendo trabajado tanto a nivel nacional como a nivel...","_links":{"self":[{"href":"https:\/\/tradeandtrail.net\/es\/wp-json\/wp\/v2\/pages\/2451","targetHints":{"allow":["GET"]}}],"collection":[{"href":"https:\/\/tradeandtrail.net\/es\/wp-json\/wp\/v2\/pages"}],"about":[{"href":"https:\/\/tradeandtrail.net\/es\/wp-json\/wp\/v2\/types\/page"}],"author":[{"embeddable":true,"href":"https:\/\/tradeandtrail.net\/es\/wp-json\/wp\/v2\/users\/1"}],"replies":[{"embeddable":true,"href":"https:\/\/tradeandtrail.net\/es\/wp-json\/wp\/v2\/comments?post=2451"}],"version-history":[{"count":111,"href":"https:\/\/tradeandtrail.net\/es\/wp-json\/wp\/v2\/pages\/2451\/revisions"}],"predecessor-version":[{"id":3352,"href":"https:\/\/tradeandtrail.net\/es\/wp-json\/wp\/v2\/pages\/2451\/revisions\/3352"}],"wp:attachment":[{"href":"https:\/\/tradeandtrail.net\/es\/wp-json\/wp\/v2\/media?parent=2451"}],"curies":[{"name":"wp","href":"https:\/\/api.w.org\/{rel}","templated":true}]}}